{"id":10848,"date":"2017-08-31T08:46:38","date_gmt":"2017-08-31T06:46:38","guid":{"rendered":"https:\/\/www.baeckerei-laube.de\/revocation\/"},"modified":"2017-08-31T08:46:38","modified_gmt":"2017-08-31T06:46:38","slug":"revocation","status":"publish","type":"page","link":"https:\/\/www.baeckerei-laube.de\/en\/revocation\/","title":{"rendered":"Revocation"},"content":{"rendered":"<p>\u00a7<strong>1 Right of withdrawal for consumers (\u00a7 13 BGB)<\/strong> If you conclude the purchase in our store as a consumer (\u00a7 13 BGB), the following applies (subject to the following \u00a7 2) in your favor: <span style=\"color: #ff0000\">Cancellation policy<\/span><span style=\"color: #ff0000\"><strong>Right of withdrawal<\/strong><\/span><\/p>\n<p><span style=\"color: #ff0000\">You have the right to withdraw from this contract within fourteen days without giving any reason.<br \/>\nThe withdrawal period is <\/span><\/p>\n<p><span style=\"color: #ff0000\">1. in the case of a purchase contract for a single item or several items that you have ordered as part of a single order and which are delivered in a single delivery, fourteen days from the day on which you or a third party named by you, who is not the carrier, have taken possession of the goods,<\/span><\/p>\n<p><span style=\"color: #ff0000\">2. in the case of a purchase contract for several goods which you have ordered as part of a single order and which are delivered separately, fourteen days from the day on which you or a third party named by you, who is not the carrier, have taken possession of the last goods<\/span><\/p>\n<p><span style=\"color: #ff0000\">and<\/span><\/p>\n<p><span style=\"color: #ff0000\">3. in the case of a contract for the delivery of goods in several partial shipments or pieces, fourteen days from the day on which you or a third party named by you, who is not the carrier, took possession of the last partial shipment or the last piece.<\/span><\/p>\n<p><span style=\"color: #ff0000\">To exercise the right to cancel, you must inform us (B\u00e4ckerei Laube GmbH und Co. KG, G\u00fcterbahnhofstra\u00dfe 1, 01705 Freital, Deutschland, Phone: +49(0)351\/649610; Fax: +49(0)351\/649610, E-Mail: info@baeckerei-laube.de) of your decision to cancel this contract by a clear statement (e.g. a letter sent by post, fax or e-mail).<br \/>\nYou can use the attached sample withdrawal form, but this is not mandatory. <\/span><\/p>\n<p><span style=\"color: #ff0000\">To meet the withdrawal deadline, it is sufficient for you to send your notification of exercising your right of withdrawal before the withdrawal period has expired.<\/span><\/p>\n<p><span style=\"color: #ff0000\"><strong>Consequences of revocation<\/strong><\/span><\/p>\n<p><span style=\"color: #ff0000\">If you withdraw from this contract, we shall reimburse to you all payments received from you, including the costs of delivery (with the exception of the supplementary costs resulting from your choice of a type of delivery other than the least expensive type of standard delivery offered by us), without undue delay and in any event not later than 14 days from the day on which we are informed about your decision to withdraw from this contract.<br \/>\nFor this repayment, we will use the same means of payment that you used for the original transaction, unless expressly agreed otherwise with you; under no circumstances will you be charged any fees for this repayment.<br \/>\nWe may withhold the refund until we have received the goods back or until you have provided proof that you have returned the goods, whichever is the earliest.  <\/span><\/p>\n<p><span style=\"color: #ff0000\">You must return or hand over the goods to us immediately and in any case within fourteen days at the latest from the day on which you inform us of the revocation of this contract.<br \/>\nThe deadline is met if you send the goods before the period of fourteen days has expired. <\/span><\/p>\n<p><span style=\"color: #ff0000\">You shall bear the direct costs of returning the goods and<\/span><span style=\"color: #ff0000\">shall only be liable for any diminished value of the goods resulting from handling other than what is necessary to establish the nature, characteristics and functioning of the goods.<\/span><span style=\"color: #ff0000\"><strong>End of the withdrawal policy<\/strong><\/span><strong>\u00a72 Exclusions of the right of withdrawal<\/strong> The right of withdrawal according to \u00a72 exists  <u>not<\/u>  for the following contracts: &#8211; contracts for the supply of goods which are not prefabricated and for the manufacture of which an individual selection or determination by the consumer is decisive or which are clearly tailored to the personal needs of the consumer, &#8211; contracts for the supply of goods which can spoil quickly or whose expiry date would be quickly exceeded and &#8211; contracts for the supply of sealed goods which are not suitable for return for reasons of health protection or hygiene if their seal has been removed after delivery<br \/>\n\u00a7<strong>3 Withdrawal form<\/strong> You can use the following form to declare your withdrawal, but its use is not mandatory:<br \/>\n<strong>Sample withdrawal form<\/strong> (If you wish to withdraw from the contract, please complete and return this form). &#8211; To B\u00e4ckerei Laube GmbH und Co. KG, G\u00fcterbahnhofstra\u00dfe 1, 01705 Freital, Germany, Fax: +49(0)351\/649610, E-Mail: info@baeckerei-laube.de &#8211; I\/we (*) hereby cancel the contract concluded by me\/us (*) for the purchase of the following goods (*)\/the provision of the following service (*) &#8211; Ordered on (*)\/received on (*) &#8211; Name of the consumer(s) &#8211; Address of the consumer(s) &#8211; Signature of the consumer(s) (only for notification on paper) &#8211; Date (*) Please delete as appropriate  <\/p>\n","protected":false},"excerpt":{"rendered":"<p>\u00a71 Right of withdrawal for consumers (\u00a7 13 BGB) If you conclude the purchase in our store as a consumer (\u00a7 13 BGB), the following applies (subject to the following \u00a7 2) in your favor: Cancellation policyRight of withdrawal You have the right to withdraw from this contract within fourteen days without giving any reason. &hellip; <a href=\"https:\/\/www.baeckerei-laube.de\/en\/revocation\/\" class=\"more-link\">Continue reading <span class=\"screen-reader-text\">Revocation<\/span> <span class=\"meta-nav\">&rarr;<\/span><\/a><\/p>\n","protected":false},"author":3,"featured_media":0,"parent":0,"menu_order":0,"comment_status":"closed","ping_status":"closed","template":"","meta":{"_acf_changed":false,"pgc_sgb_lightbox_settings":"","footnotes":""},"class_list":["post-10848","page","type-page","status-publish","hentry"],"acf":[],"yoast_head":"<!-- This site is optimized with the Yoast SEO plugin v27.4 - https:\/\/yoast.com\/product\/yoast-seo-wordpress\/ -->\n<title>Revocation - B\u00e4ckerei &amp; Konditorei Laube<\/title>\n<meta name=\"robots\" content=\"noindex, follow\" \/>\n<meta property=\"og:locale\" content=\"en_US\" \/>\n<meta property=\"og:type\" content=\"article\" \/>\n<meta property=\"og:title\" content=\"Revocation - B\u00e4ckerei &amp; Konditorei Laube\" \/>\n<meta property=\"og:description\" content=\"\u00a71 Right of withdrawal for consumers (\u00a7 13 BGB) If you conclude the purchase in our store as a consumer (\u00a7 13 BGB), the following applies (subject to the following \u00a7 2) in your favor: Cancellation policyRight of withdrawal You have the right to withdraw from this contract within fourteen days without giving any reason. &hellip; Continue reading Revocation &rarr;\" \/>\n<meta property=\"og:url\" content=\"https:\/\/www.baeckerei-laube.de\/en\/revocation\/\" \/>\n<meta property=\"og:site_name\" content=\"B\u00e4ckerei &amp; Konditorei Laube\" \/>\n<meta property=\"og:image\" content=\"https:\/\/www.baeckerei-laube.de\/wp-content\/uploads\/2017\/08\/OG_1200x628_Webseite5.png\" \/>\n\t<meta property=\"og:image:width\" content=\"1200\" \/>\n\t<meta property=\"og:image:height\" content=\"628\" \/>\n\t<meta property=\"og:image:type\" content=\"image\/png\" \/>\n<meta name=\"twitter:card\" content=\"summary_large_image\" \/>\n<meta name=\"twitter:label1\" content=\"Est. reading time\" \/>\n\t<meta name=\"twitter:data1\" content=\"4 minutes\" \/>\n<script type=\"application\/ld+json\" class=\"yoast-schema-graph\">{\"@context\":\"https:\\\/\\\/schema.org\",\"@graph\":[{\"@type\":\"WebPage\",\"@id\":\"https:\\\/\\\/www.baeckerei-laube.de\\\/en\\\/revocation\\\/\",\"url\":\"https:\\\/\\\/www.baeckerei-laube.de\\\/en\\\/revocation\\\/\",\"name\":\"Revocation - B\u00e4ckerei &amp; Konditorei Laube\",\"isPartOf\":{\"@id\":\"https:\\\/\\\/www.baeckerei-laube.de\\\/en\\\/#website\"},\"datePublished\":\"2017-08-31T06:46:38+00:00\",\"breadcrumb\":{\"@id\":\"https:\\\/\\\/www.baeckerei-laube.de\\\/en\\\/revocation\\\/#breadcrumb\"},\"inLanguage\":\"en-US\",\"potentialAction\":[{\"@type\":\"ReadAction\",\"target\":[\"https:\\\/\\\/www.baeckerei-laube.de\\\/en\\\/revocation\\\/\"]}]},{\"@type\":\"BreadcrumbList\",\"@id\":\"https:\\\/\\\/www.baeckerei-laube.de\\\/en\\\/revocation\\\/#breadcrumb\",\"itemListElement\":[{\"@type\":\"ListItem\",\"position\":1,\"name\":\"Home\",\"item\":\"https:\\\/\\\/www.baeckerei-laube.de\\\/en\\\/\"},{\"@type\":\"ListItem\",\"position\":2,\"name\":\"Revocation\"}]},{\"@type\":\"WebSite\",\"@id\":\"https:\\\/\\\/www.baeckerei-laube.de\\\/en\\\/#website\",\"url\":\"https:\\\/\\\/www.baeckerei-laube.de\\\/en\\\/\",\"name\":\"B\u00e4ckerei &amp; Konditorei Laube\",\"description\":\"Eine weitere WordPress-Website\",\"publisher\":{\"@id\":\"https:\\\/\\\/www.baeckerei-laube.de\\\/en\\\/#organization\"},\"inLanguage\":\"en-US\"},{\"@type\":\"Organization\",\"@id\":\"https:\\\/\\\/www.baeckerei-laube.de\\\/en\\\/#organization\",\"name\":\"B\u00e4ckerei & Konditorei Laube\",\"url\":\"https:\\\/\\\/www.baeckerei-laube.de\\\/en\\\/\",\"logo\":{\"@type\":\"ImageObject\",\"inLanguage\":\"en-US\",\"@id\":\"https:\\\/\\\/www.baeckerei-laube.de\\\/en\\\/#\\\/schema\\\/logo\\\/image\\\/\",\"url\":\"https:\\\/\\\/www.baeckerei-laube.de\\\/wp-content\\\/uploads\\\/2019\\\/05\\\/bl_logo.png\",\"contentUrl\":\"https:\\\/\\\/www.baeckerei-laube.de\\\/wp-content\\\/uploads\\\/2019\\\/05\\\/bl_logo.png\",\"width\":1100,\"height\":1100,\"caption\":\"B\u00e4ckerei & Konditorei Laube\"},\"image\":{\"@id\":\"https:\\\/\\\/www.baeckerei-laube.de\\\/en\\\/#\\\/schema\\\/logo\\\/image\\\/\"}}]}<\/script>\n<!-- \/ Yoast SEO plugin. -->","yoast_head_json":{"title":"Revocation - B\u00e4ckerei &amp; Konditorei Laube","robots":{"index":"noindex","follow":"follow"},"og_locale":"en_US","og_type":"article","og_title":"Revocation - B\u00e4ckerei &amp; Konditorei Laube","og_description":"\u00a71 Right of withdrawal for consumers (\u00a7 13 BGB) If you conclude the purchase in our store as a consumer (\u00a7 13 BGB), the following applies (subject to the following \u00a7 2) in your favor: Cancellation policyRight of withdrawal You have the right to withdraw from this contract within fourteen days without giving any reason. &hellip; Continue reading Revocation &rarr;","og_url":"https:\/\/www.baeckerei-laube.de\/en\/revocation\/","og_site_name":"B\u00e4ckerei &amp; Konditorei Laube","og_image":[{"width":1200,"height":628,"url":"https:\/\/www.baeckerei-laube.de\/wp-content\/uploads\/2017\/08\/OG_1200x628_Webseite5.png","type":"image\/png"}],"twitter_card":"summary_large_image","twitter_misc":{"Est. reading time":"4 minutes"},"schema":{"@context":"https:\/\/schema.org","@graph":[{"@type":"WebPage","@id":"https:\/\/www.baeckerei-laube.de\/en\/revocation\/","url":"https:\/\/www.baeckerei-laube.de\/en\/revocation\/","name":"Revocation - B\u00e4ckerei &amp; Konditorei Laube","isPartOf":{"@id":"https:\/\/www.baeckerei-laube.de\/en\/#website"},"datePublished":"2017-08-31T06:46:38+00:00","breadcrumb":{"@id":"https:\/\/www.baeckerei-laube.de\/en\/revocation\/#breadcrumb"},"inLanguage":"en-US","potentialAction":[{"@type":"ReadAction","target":["https:\/\/www.baeckerei-laube.de\/en\/revocation\/"]}]},{"@type":"BreadcrumbList","@id":"https:\/\/www.baeckerei-laube.de\/en\/revocation\/#breadcrumb","itemListElement":[{"@type":"ListItem","position":1,"name":"Home","item":"https:\/\/www.baeckerei-laube.de\/en\/"},{"@type":"ListItem","position":2,"name":"Revocation"}]},{"@type":"WebSite","@id":"https:\/\/www.baeckerei-laube.de\/en\/#website","url":"https:\/\/www.baeckerei-laube.de\/en\/","name":"B\u00e4ckerei &amp; Konditorei Laube","description":"Eine weitere WordPress-Website","publisher":{"@id":"https:\/\/www.baeckerei-laube.de\/en\/#organization"},"inLanguage":"en-US"},{"@type":"Organization","@id":"https:\/\/www.baeckerei-laube.de\/en\/#organization","name":"B\u00e4ckerei & Konditorei Laube","url":"https:\/\/www.baeckerei-laube.de\/en\/","logo":{"@type":"ImageObject","inLanguage":"en-US","@id":"https:\/\/www.baeckerei-laube.de\/en\/#\/schema\/logo\/image\/","url":"https:\/\/www.baeckerei-laube.de\/wp-content\/uploads\/2019\/05\/bl_logo.png","contentUrl":"https:\/\/www.baeckerei-laube.de\/wp-content\/uploads\/2019\/05\/bl_logo.png","width":1100,"height":1100,"caption":"B\u00e4ckerei & Konditorei Laube"},"image":{"@id":"https:\/\/www.baeckerei-laube.de\/en\/#\/schema\/logo\/image\/"}}]}},"_links":{"self":[{"href":"https:\/\/www.baeckerei-laube.de\/en\/wp-json\/wp\/v2\/pages\/10848","targetHints":{"allow":["GET"]}}],"collection":[{"href":"https:\/\/www.baeckerei-laube.de\/en\/wp-json\/wp\/v2\/pages"}],"about":[{"href":"https:\/\/www.baeckerei-laube.de\/en\/wp-json\/wp\/v2\/types\/page"}],"author":[{"embeddable":true,"href":"https:\/\/www.baeckerei-laube.de\/en\/wp-json\/wp\/v2\/users\/3"}],"replies":[{"embeddable":true,"href":"https:\/\/www.baeckerei-laube.de\/en\/wp-json\/wp\/v2\/comments?post=10848"}],"version-history":[{"count":0,"href":"https:\/\/www.baeckerei-laube.de\/en\/wp-json\/wp\/v2\/pages\/10848\/revisions"}],"wp:attachment":[{"href":"https:\/\/www.baeckerei-laube.de\/en\/wp-json\/wp\/v2\/media?parent=10848"}],"curies":[{"name":"wp","href":"https:\/\/api.w.org\/{rel}","templated":true}]}}