{"id":10382,"date":"2017-07-06T16:35:54","date_gmt":"2017-07-06T14:35:54","guid":{"rendered":"https:\/\/www.baeckerei-laube.de\/imprint\/"},"modified":"2024-08-30T11:07:54","modified_gmt":"2024-08-30T09:07:54","slug":"imprint","status":"publish","type":"page","link":"https:\/\/www.baeckerei-laube.de\/en\/imprint\/","title":{"rendered":"Imprint"},"content":{"rendered":"<p><strong>B\u00e4ckerei Laube GmbH und Co KG<br \/>\n<\/strong>G\u00fcterbahnhofstra\u00dfe 1<br \/>\n01705 Freital Germany<\/p>\n<p>Tel.: <a href=\"tel:0351649610\">0351\/649610<\/a><br \/>\nFax: 0351\/6496130<br \/>\nE-Mail: <a href=\"mailto:info@baeckerei-laube.de\">info@baeckerei-laube.de<\/a><br \/>\nCompany no.: 06007196<br \/>\nRegister court: Dresden<br \/>\nLocal Court Register number: HRA 11585<br \/>\nVAT identification number according to \u00a7 27a UStG: DE355502469<\/p>\n<p>represented by the general partner (hereinafter &#8220;Komplement\u00e4r-GmbH&#8221;): B\u00e4ckerei Laube Verwaltungsgesellschaft mbH G\u00fcterbahnhofstra\u00dfe 1 01705 Freital Germany Register court of the general partner GmbH: Amtsgericht Dresden Register number of the general partner GmbH: HRB 43189 Managing directors of the general partner GmbH: Marcel Nitz &amp; Sandra Schmidt Responsible in terms of press law is Mr. Marcel Nitz, who can be reached via the above contact details. Professional details:<\/p>\n<ul>\n<li>Legal job title: The managing director of the general partner GmbH, Marcel Nitz, is a master baker<\/li>\n<li>The professional title was awarded to him in the Federal Republic of Germany<\/li>\n<li>Applicable professional regulations can be found in the Crafts Code (HwO)<\/li>\n<li>Competent chamber: Handwerkskammer Dresden, Am Lagerplatz 8, 01099 Dresden<\/li>\n<\/ul>\n<p>Online dispute resolution pursuant to Art. 14 para. 1 ODR-VO: The European Commission provides a platform for online dispute resolution (ODR), which you can find at <a href=\"http:\/\/ec.europa.eu\/consumers\/odr\/\">http:\/\/ec.europa.eu\/consumers\/odr\/<\/a>. We are neither willing nor obliged to participate in dispute resolution proceedings before a consumer arbitration board (see \u00a7 36 VSBG). <strong>Design &amp; implementation: <\/strong><a href=\"https:\/\/www.imaos.de\">IMAOS Online Marketing<\/a><\/p>\n","protected":false},"excerpt":{"rendered":"<p>B\u00e4ckerei Laube GmbH und Co KG G\u00fcterbahnhofstra\u00dfe 1 01705 Freital Germany Tel.: 0351\/649610 Fax: 0351\/6496130 E-Mail: info@baeckerei-laube.de Company no.: 06007196 Register court: Dresden Local Court Register number: HRA 11585 VAT identification number according to \u00a7 27a UStG: DE355502469 represented by the general partner (hereinafter &#8220;Komplement\u00e4r-GmbH&#8221;): B\u00e4ckerei Laube Verwaltungsgesellschaft mbH G\u00fcterbahnhofstra\u00dfe 1 01705 Freital Germany Register &hellip; <a href=\"https:\/\/www.baeckerei-laube.de\/en\/imprint\/\" class=\"more-link\">Continue reading <span class=\"screen-reader-text\">Imprint<\/span> <span class=\"meta-nav\">&rarr;<\/span><\/a><\/p>\n","protected":false},"author":3,"featured_media":0,"parent":0,"menu_order":0,"comment_status":"closed","ping_status":"closed","template":"page-templates\/Impressum.php","meta":{"_acf_changed":false,"pgc_sgb_lightbox_settings":"","footnotes":""},"class_list":["post-10382","page","type-page","status-publish","hentry"],"acf":[],"yoast_head":"<!-- This site is optimized with the Yoast SEO plugin v27.4 - https:\/\/yoast.com\/product\/yoast-seo-wordpress\/ -->\n<title>Imprint - B\u00e4ckerei &amp; Konditorei Laube<\/title>\n<meta name=\"description\" content=\"B\u00e4ckerei &amp; Konditorei Laube | Inh. Marcel Nitz | G\u00fcterbahnhofstra\u00dfe 1, 01705 Freital | Tel.: 0351\/649610 | E-Mail: info@baeckerei-laube.de - Impressum\" \/>\n<meta name=\"robots\" content=\"index, follow, max-snippet:-1, max-image-preview:large, max-video-preview:-1\" \/>\n<link rel=\"canonical\" href=\"https:\/\/www.baeckerei-laube.de\/en\/imprint\/\" \/>\n<meta property=\"og:locale\" content=\"en_US\" \/>\n<meta property=\"og:type\" content=\"article\" \/>\n<meta property=\"og:title\" content=\"Imprint - B\u00e4ckerei &amp; Konditorei Laube\" \/>\n<meta property=\"og:description\" content=\"B\u00e4ckerei &amp; Konditorei Laube | Inh. Marcel Nitz | G\u00fcterbahnhofstra\u00dfe 1, 01705 Freital | Tel.: 0351\/649610 | E-Mail: info@baeckerei-laube.de - Impressum\" \/>\n<meta property=\"og:url\" content=\"https:\/\/www.baeckerei-laube.de\/en\/imprint\/\" \/>\n<meta property=\"og:site_name\" content=\"B\u00e4ckerei &amp; Konditorei Laube\" \/>\n<meta property=\"article:modified_time\" content=\"2024-08-30T09:07:54+00:00\" \/>\n<meta property=\"og:image\" content=\"https:\/\/www.baeckerei-laube.de\/wp-content\/uploads\/2017\/08\/OG_1200x628_Webseite5.png\" \/>\n\t<meta property=\"og:image:width\" content=\"1200\" \/>\n\t<meta property=\"og:image:height\" content=\"628\" \/>\n\t<meta property=\"og:image:type\" content=\"image\/png\" \/>\n<meta name=\"twitter:card\" content=\"summary_large_image\" \/>\n<meta name=\"twitter:label1\" content=\"Est. reading time\" \/>\n\t<meta name=\"twitter:data1\" content=\"2 minutes\" \/>\n<script type=\"application\/ld+json\" class=\"yoast-schema-graph\">{\"@context\":\"https:\\\/\\\/schema.org\",\"@graph\":[{\"@type\":\"WebPage\",\"@id\":\"https:\\\/\\\/www.baeckerei-laube.de\\\/en\\\/imprint\\\/\",\"url\":\"https:\\\/\\\/www.baeckerei-laube.de\\\/en\\\/imprint\\\/\",\"name\":\"Imprint - B\u00e4ckerei &amp; Konditorei Laube\",\"isPartOf\":{\"@id\":\"https:\\\/\\\/www.baeckerei-laube.de\\\/en\\\/#website\"},\"datePublished\":\"2017-07-06T14:35:54+00:00\",\"dateModified\":\"2024-08-30T09:07:54+00:00\",\"description\":\"B\u00e4ckerei & Konditorei Laube | Inh. Marcel Nitz | G\u00fcterbahnhofstra\u00dfe 1, 01705 Freital | Tel.: 0351\\\/649610 | E-Mail: info@baeckerei-laube.de - Impressum\",\"breadcrumb\":{\"@id\":\"https:\\\/\\\/www.baeckerei-laube.de\\\/en\\\/imprint\\\/#breadcrumb\"},\"inLanguage\":\"en-US\",\"potentialAction\":[{\"@type\":\"ReadAction\",\"target\":[\"https:\\\/\\\/www.baeckerei-laube.de\\\/en\\\/imprint\\\/\"]}]},{\"@type\":\"BreadcrumbList\",\"@id\":\"https:\\\/\\\/www.baeckerei-laube.de\\\/en\\\/imprint\\\/#breadcrumb\",\"itemListElement\":[{\"@type\":\"ListItem\",\"position\":1,\"name\":\"Home\",\"item\":\"https:\\\/\\\/www.baeckerei-laube.de\\\/en\\\/\"},{\"@type\":\"ListItem\",\"position\":2,\"name\":\"Imprint\"}]},{\"@type\":\"WebSite\",\"@id\":\"https:\\\/\\\/www.baeckerei-laube.de\\\/en\\\/#website\",\"url\":\"https:\\\/\\\/www.baeckerei-laube.de\\\/en\\\/\",\"name\":\"B\u00e4ckerei &amp; Konditorei Laube\",\"description\":\"Eine weitere WordPress-Website\",\"publisher\":{\"@id\":\"https:\\\/\\\/www.baeckerei-laube.de\\\/en\\\/#organization\"},\"inLanguage\":\"en-US\"},{\"@type\":\"Organization\",\"@id\":\"https:\\\/\\\/www.baeckerei-laube.de\\\/en\\\/#organization\",\"name\":\"B\u00e4ckerei & Konditorei Laube\",\"url\":\"https:\\\/\\\/www.baeckerei-laube.de\\\/en\\\/\",\"logo\":{\"@type\":\"ImageObject\",\"inLanguage\":\"en-US\",\"@id\":\"https:\\\/\\\/www.baeckerei-laube.de\\\/en\\\/#\\\/schema\\\/logo\\\/image\\\/\",\"url\":\"https:\\\/\\\/www.baeckerei-laube.de\\\/wp-content\\\/uploads\\\/2019\\\/05\\\/bl_logo.png\",\"contentUrl\":\"https:\\\/\\\/www.baeckerei-laube.de\\\/wp-content\\\/uploads\\\/2019\\\/05\\\/bl_logo.png\",\"width\":1100,\"height\":1100,\"caption\":\"B\u00e4ckerei & Konditorei Laube\"},\"image\":{\"@id\":\"https:\\\/\\\/www.baeckerei-laube.de\\\/en\\\/#\\\/schema\\\/logo\\\/image\\\/\"}}]}<\/script>\n<!-- \/ Yoast SEO plugin. -->","yoast_head_json":{"title":"Imprint - B\u00e4ckerei &amp; Konditorei Laube","description":"B\u00e4ckerei & Konditorei Laube | Inh. Marcel Nitz | G\u00fcterbahnhofstra\u00dfe 1, 01705 Freital | Tel.: 0351\/649610 | E-Mail: info@baeckerei-laube.de - Impressum","robots":{"index":"index","follow":"follow","max-snippet":"max-snippet:-1","max-image-preview":"max-image-preview:large","max-video-preview":"max-video-preview:-1"},"canonical":"https:\/\/www.baeckerei-laube.de\/en\/imprint\/","og_locale":"en_US","og_type":"article","og_title":"Imprint - B\u00e4ckerei &amp; Konditorei Laube","og_description":"B\u00e4ckerei & Konditorei Laube | Inh. Marcel Nitz | G\u00fcterbahnhofstra\u00dfe 1, 01705 Freital | Tel.: 0351\/649610 | E-Mail: info@baeckerei-laube.de - Impressum","og_url":"https:\/\/www.baeckerei-laube.de\/en\/imprint\/","og_site_name":"B\u00e4ckerei &amp; Konditorei Laube","article_modified_time":"2024-08-30T09:07:54+00:00","og_image":[{"width":1200,"height":628,"url":"https:\/\/www.baeckerei-laube.de\/wp-content\/uploads\/2017\/08\/OG_1200x628_Webseite5.png","type":"image\/png"}],"twitter_card":"summary_large_image","twitter_misc":{"Est. reading time":"2 minutes"},"schema":{"@context":"https:\/\/schema.org","@graph":[{"@type":"WebPage","@id":"https:\/\/www.baeckerei-laube.de\/en\/imprint\/","url":"https:\/\/www.baeckerei-laube.de\/en\/imprint\/","name":"Imprint - B\u00e4ckerei &amp; Konditorei Laube","isPartOf":{"@id":"https:\/\/www.baeckerei-laube.de\/en\/#website"},"datePublished":"2017-07-06T14:35:54+00:00","dateModified":"2024-08-30T09:07:54+00:00","description":"B\u00e4ckerei & Konditorei Laube | Inh. Marcel Nitz | G\u00fcterbahnhofstra\u00dfe 1, 01705 Freital | Tel.: 0351\/649610 | E-Mail: info@baeckerei-laube.de - Impressum","breadcrumb":{"@id":"https:\/\/www.baeckerei-laube.de\/en\/imprint\/#breadcrumb"},"inLanguage":"en-US","potentialAction":[{"@type":"ReadAction","target":["https:\/\/www.baeckerei-laube.de\/en\/imprint\/"]}]},{"@type":"BreadcrumbList","@id":"https:\/\/www.baeckerei-laube.de\/en\/imprint\/#breadcrumb","itemListElement":[{"@type":"ListItem","position":1,"name":"Home","item":"https:\/\/www.baeckerei-laube.de\/en\/"},{"@type":"ListItem","position":2,"name":"Imprint"}]},{"@type":"WebSite","@id":"https:\/\/www.baeckerei-laube.de\/en\/#website","url":"https:\/\/www.baeckerei-laube.de\/en\/","name":"B\u00e4ckerei &amp; Konditorei Laube","description":"Eine weitere WordPress-Website","publisher":{"@id":"https:\/\/www.baeckerei-laube.de\/en\/#organization"},"inLanguage":"en-US"},{"@type":"Organization","@id":"https:\/\/www.baeckerei-laube.de\/en\/#organization","name":"B\u00e4ckerei & Konditorei Laube","url":"https:\/\/www.baeckerei-laube.de\/en\/","logo":{"@type":"ImageObject","inLanguage":"en-US","@id":"https:\/\/www.baeckerei-laube.de\/en\/#\/schema\/logo\/image\/","url":"https:\/\/www.baeckerei-laube.de\/wp-content\/uploads\/2019\/05\/bl_logo.png","contentUrl":"https:\/\/www.baeckerei-laube.de\/wp-content\/uploads\/2019\/05\/bl_logo.png","width":1100,"height":1100,"caption":"B\u00e4ckerei & Konditorei Laube"},"image":{"@id":"https:\/\/www.baeckerei-laube.de\/en\/#\/schema\/logo\/image\/"}}]}},"_links":{"self":[{"href":"https:\/\/www.baeckerei-laube.de\/en\/wp-json\/wp\/v2\/pages\/10382","targetHints":{"allow":["GET"]}}],"collection":[{"href":"https:\/\/www.baeckerei-laube.de\/en\/wp-json\/wp\/v2\/pages"}],"about":[{"href":"https:\/\/www.baeckerei-laube.de\/en\/wp-json\/wp\/v2\/types\/page"}],"author":[{"embeddable":true,"href":"https:\/\/www.baeckerei-laube.de\/en\/wp-json\/wp\/v2\/users\/3"}],"replies":[{"embeddable":true,"href":"https:\/\/www.baeckerei-laube.de\/en\/wp-json\/wp\/v2\/comments?post=10382"}],"version-history":[{"count":6,"href":"https:\/\/www.baeckerei-laube.de\/en\/wp-json\/wp\/v2\/pages\/10382\/revisions"}],"predecessor-version":[{"id":10876,"href":"https:\/\/www.baeckerei-laube.de\/en\/wp-json\/wp\/v2\/pages\/10382\/revisions\/10876"}],"wp:attachment":[{"href":"https:\/\/www.baeckerei-laube.de\/en\/wp-json\/wp\/v2\/media?parent=10382"}],"curies":[{"name":"wp","href":"https:\/\/api.w.org\/{rel}","templated":true}]}}